{"id":70,"date":"2019-10-25T21:26:58","date_gmt":"2019-10-25T19:26:58","guid":{"rendered":"https:\/\/clientes.thetland.com.ar\/goodnewenergy.enagas.es\/home\/"},"modified":"2023-12-18T11:46:06","modified_gmt":"2023-12-18T10:46:06","slug":"home","status":"publish","type":"page","link":"https:\/\/goodnewenergy.enagas.es\/en\/","title":{"rendered":"Home"},"content":{"rendered":"[et_pb_section fb_built=&#8221;1&#8243; fullwidth=&#8221;on&#8221; _builder_version=&#8221;3.29.3&#8243; fb_built=&#8221;1&#8243; _i=&#8221;0&#8243; _address=&#8221;0&#8243;][et_pb_fullwidth_post_slider posts_number=&#8221;3&#8243; include_categories=&#8221;2,4,3&#8243; show_meta=&#8221;off&#8221; _builder_version=&#8221;3.29.3&#8243; text_orientation=&#8221;left&#8221; _i=&#8221;0&#8243; _address=&#8221;0.0&#8243;][\/et_pb_fullwidth_post_slider][\/et_pb_section][et_pb_section fb_built=&#8221;1&#8243; _builder_version=&#8221;3.29.3&#8243; fb_built=&#8221;1&#8243; _i=&#8221;1&#8243; _address=&#8221;1&#8243;][et_pb_row _builder_version=&#8221;3.29.3&#8243; hover_enabled=&#8221;0&#8243; _i=&#8221;0&#8243; _address=&#8221;1.0&#8243;][et_pb_column type=&#8221;4_4&#8243; _builder_version=&#8221;3.29.3&#8243; _i=&#8221;0&#8243; _address=&#8221;1.0.0&#8243;][et_pb_blog fullwidth=&#8221;off&#8221; posts_number=&#8221;3&#8243; include_categories=&#8221;2,4,3,all&#8221; show_author=&#8221;off&#8221; _builder_version=&#8221;3.29.3&#8243; hover_enabled=&#8221;0&#8243; _i=&#8221;0&#8243; _address=&#8221;1.0.0.0&#8243;][\/et_pb_blog][\/et_pb_column][\/et_pb_row][\/et_pb_section]\n","protected":false},"excerpt":{"rendered":"<p>[et_pb_section fb_built=&#8221;1&#8243; fullwidth=&#8221;on&#8221; _builder_version=&#8221;3.29.3&#8243; fb_built=&#8221;1&#8243; _i=&#8221;0&#8243; _address=&#8221;0&#8243;][et_pb_fullwidth_post_slider posts_number=&#8221;3&#8243; include_categories=&#8221;2,4,3&#8243; show_meta=&#8221;off&#8221; _builder_version=&#8221;3.29.3&#8243; text_orientation=&#8221;left&#8221; _i=&#8221;0&#8243; _address=&#8221;0.0&#8243;][\/et_pb_fullwidth_post_slider][\/et_pb_section][et_pb_section fb_built=&#8221;1&#8243; _builder_version=&#8221;3.29.3&#8243; fb_built=&#8221;1&#8243; _i=&#8221;1&#8243; _address=&#8221;1&#8243;][et_pb_row _builder_version=&#8221;3.29.3&#8243; hover_enabled=&#8221;0&#8243; _i=&#8221;0&#8243; _address=&#8221;1.0&#8243;][et_pb_column type=&#8221;4_4&#8243; _builder_version=&#8221;3.29.3&#8243; _i=&#8221;0&#8243; _address=&#8221;1.0.0&#8243;][et_pb_blog fullwidth=&#8221;off&#8221; posts_number=&#8221;3&#8243; include_categories=&#8221;2,4,3,all&#8221; show_author=&#8221;off&#8221; _builder_version=&#8221;3.29.3&#8243; hover_enabled=&#8221;0&#8243; _i=&#8221;0&#8243; _address=&#8221;1.0.0.0&#8243;][\/et_pb_blog][\/et_pb_column][\/et_pb_row][\/et_pb_section]<\/p>\n","protected":false},"author":1,"featured_media":7595,"parent":0,"menu_order":0,"comment_status":"closed","ping_status":"closed","template":"","meta":{"_acf_changed":false,"footnotes":""},"class_list":["post-70","page","type-page","status-publish","has-post-thumbnail","hentry"],"acf":[],"yoast_head":"<!-- This site is optimized with the Yoast SEO plugin v27.5 - https:\/\/yoast.com\/product\/yoast-seo-wordpress\/ -->\n<title>Good New Energy | El Futuro de la energ\u00eda<\/title>\n<meta name=\"description\" content=\"Enag\u00e1s es l\u00edder internacional en infraestructuras de gas natural con presencia en 7 pa\u00edses y Transmission System Operator (TSO) europeo. La compa\u00f1\u00eda tiene m\u00e1s de 45 a\u00f1os de experiencia en el sector y es el operador del Sistema Gasista espa\u00f1ol.\" \/>\n<meta name=\"robots\" content=\"index, follow, max-snippet:-1, max-image-preview:large, max-video-preview:-1\" \/>\n<link rel=\"canonical\" href=\"https:\/\/goodnewenergy.enagas.es\/en\/\" \/>\n<meta property=\"og:locale\" content=\"en_US\" \/>\n<meta property=\"og:type\" content=\"article\" \/>\n<meta property=\"og:title\" content=\"Good New Energy | El Futuro de la energ\u00eda\" \/>\n<meta property=\"og:description\" content=\"Enag\u00e1s es l\u00edder internacional en infraestructuras de gas natural con presencia en 7 pa\u00edses y Transmission System Operator (TSO) europeo. La compa\u00f1\u00eda tiene m\u00e1s de 45 a\u00f1os de experiencia en el sector y es el operador del Sistema Gasista espa\u00f1ol.\" \/>\n<meta property=\"og:url\" content=\"https:\/\/goodnewenergy.enagas.es\/en\/\" \/>\n<meta property=\"og:site_name\" content=\"Good New Energy\" \/>\n<meta property=\"article:publisher\" content=\"https:\/\/www.facebook.com\/EnagasOficial\/\" \/>\n<meta property=\"article:modified_time\" content=\"2023-12-18T10:46:06+00:00\" \/>\n<meta name=\"twitter:card\" content=\"summary_large_image\" \/>\n<meta name=\"twitter:title\" content=\"ResiduosComoFuenteDeEnerg\u00eda\" \/>\n<meta name=\"twitter:site\" content=\"@enagas\" \/>\n<meta name=\"twitter:label1\" content=\"Est. reading time\" \/>\n\t<meta name=\"twitter:data1\" content=\"1 minute\" \/>\n<script type=\"application\/ld+json\" class=\"yoast-schema-graph\">{\"@context\":\"https:\\\/\\\/schema.org\",\"@graph\":[{\"@type\":\"WebPage\",\"@id\":\"https:\\\/\\\/goodnewenergy.enagas.es\\\/en\\\/home\\\/\",\"url\":\"https:\\\/\\\/goodnewenergy.enagas.es\\\/en\\\/\",\"name\":\"Good New Energy | El Futuro de la energ\u00eda\",\"isPartOf\":{\"@id\":\"https:\\\/\\\/gne-pro-beanstalk-php82.eba-ipbtvvrp.eu-west-1.elasticbeanstalk.com\\\/#website\"},\"primaryImageOfPage\":{\"@id\":\"https:\\\/\\\/goodnewenergy.enagas.es\\\/en\\\/#primaryimage\"},\"image\":{\"@id\":\"https:\\\/\\\/goodnewenergy.enagas.es\\\/en\\\/#primaryimage\"},\"thumbnailUrl\":\"https:\\\/\\\/goodnewenergy.enagas.es\\\/wp-content\\\/uploads\\\/2024\\\/10\\\/6-2.jpg\",\"datePublished\":\"2019-10-25T19:26:58+00:00\",\"dateModified\":\"2023-12-18T10:46:06+00:00\",\"description\":\"Enag\u00e1s es l\u00edder internacional en infraestructuras de gas natural con presencia en 7 pa\u00edses y Transmission System Operator (TSO) europeo. La compa\u00f1\u00eda tiene m\u00e1s de 45 a\u00f1os de experiencia en el sector y es el operador del Sistema Gasista espa\u00f1ol.\",\"breadcrumb\":{\"@id\":\"https:\\\/\\\/goodnewenergy.enagas.es\\\/en\\\/#breadcrumb\"},\"inLanguage\":\"en-US\",\"potentialAction\":[{\"@type\":\"ReadAction\",\"target\":[\"https:\\\/\\\/goodnewenergy.enagas.es\\\/en\\\/\"]}]},{\"@type\":\"ImageObject\",\"inLanguage\":\"en-US\",\"@id\":\"https:\\\/\\\/goodnewenergy.enagas.es\\\/en\\\/#primaryimage\",\"url\":\"https:\\\/\\\/goodnewenergy.enagas.es\\\/wp-content\\\/uploads\\\/2024\\\/10\\\/6-2.jpg\",\"contentUrl\":\"https:\\\/\\\/goodnewenergy.enagas.es\\\/wp-content\\\/uploads\\\/2024\\\/10\\\/6-2.jpg\",\"width\":1080,\"height\":675},{\"@type\":\"BreadcrumbList\",\"@id\":\"https:\\\/\\\/goodnewenergy.enagas.es\\\/en\\\/#breadcrumb\",\"itemListElement\":[{\"@type\":\"ListItem\",\"position\":1,\"name\":\"Portada\",\"item\":\"https:\\\/\\\/goodnewenergy.enagas.es\\\/en\\\/home\\\/\"},{\"@type\":\"ListItem\",\"position\":2,\"name\":\"Home\"}]},{\"@type\":\"WebSite\",\"@id\":\"https:\\\/\\\/gne-pro-beanstalk-php82.eba-ipbtvvrp.eu-west-1.elasticbeanstalk.com\\\/#website\",\"url\":\"https:\\\/\\\/gne-pro-beanstalk-php82.eba-ipbtvvrp.eu-west-1.elasticbeanstalk.com\\\/\",\"name\":\"Good New Energy\",\"description\":\"Enag\u00e1s es l\u00edder internacional en infraestructuras de gas natural con presencia en 7 pa\u00edses y Transmission System Operator (TSO) europeo. La compa\u00f1\u00eda tiene m\u00e1s de 45 a\u00f1os de experiencia en el sector y es el operador del Sistema Gasista espa\u00f1ol.\",\"publisher\":{\"@id\":\"https:\\\/\\\/gne-pro-beanstalk-php82.eba-ipbtvvrp.eu-west-1.elasticbeanstalk.com\\\/#organization\"},\"potentialAction\":[{\"@type\":\"SearchAction\",\"target\":{\"@type\":\"EntryPoint\",\"urlTemplate\":\"https:\\\/\\\/gne-pro-beanstalk-php82.eba-ipbtvvrp.eu-west-1.elasticbeanstalk.com\\\/?s={search_term_string}\"},\"query-input\":{\"@type\":\"PropertyValueSpecification\",\"valueRequired\":true,\"valueName\":\"search_term_string\"}}],\"inLanguage\":\"en-US\"},{\"@type\":\"Organization\",\"@id\":\"https:\\\/\\\/gne-pro-beanstalk-php82.eba-ipbtvvrp.eu-west-1.elasticbeanstalk.com\\\/#organization\",\"name\":\"Enagas\",\"url\":\"https:\\\/\\\/gne-pro-beanstalk-php82.eba-ipbtvvrp.eu-west-1.elasticbeanstalk.com\\\/\",\"logo\":{\"@type\":\"ImageObject\",\"inLanguage\":\"en-US\",\"@id\":\"https:\\\/\\\/gne-pro-beanstalk-php82.eba-ipbtvvrp.eu-west-1.elasticbeanstalk.com\\\/#\\\/schema\\\/logo\\\/image\\\/\",\"url\":\"https:\\\/\\\/goodnewenergy.enagas.es\\\/wp-content\\\/uploads\\\/2025\\\/12\\\/logo.png\",\"contentUrl\":\"https:\\\/\\\/goodnewenergy.enagas.es\\\/wp-content\\\/uploads\\\/2025\\\/12\\\/logo.png\",\"width\":260,\"height\":47,\"caption\":\"Enagas\"},\"image\":{\"@id\":\"https:\\\/\\\/gne-pro-beanstalk-php82.eba-ipbtvvrp.eu-west-1.elasticbeanstalk.com\\\/#\\\/schema\\\/logo\\\/image\\\/\"},\"sameAs\":[\"https:\\\/\\\/www.facebook.com\\\/EnagasOficial\\\/\",\"https:\\\/\\\/x.com\\\/enagas\",\"https:\\\/\\\/www.linkedin.com\\\/company\\\/enagas\\\/\",\"https:\\\/\\\/www.instagram.com\\\/enagasoficial\\\/\"]}]}<\/script>\n<!-- \/ Yoast SEO plugin. -->","yoast_head_json":{"title":"Good New Energy | El Futuro de la energ\u00eda","description":"Enag\u00e1s es l\u00edder internacional en infraestructuras de gas natural con presencia en 7 pa\u00edses y Transmission System Operator (TSO) europeo. La compa\u00f1\u00eda tiene m\u00e1s de 45 a\u00f1os de experiencia en el sector y es el operador del Sistema Gasista espa\u00f1ol.","robots":{"index":"index","follow":"follow","max-snippet":"max-snippet:-1","max-image-preview":"max-image-preview:large","max-video-preview":"max-video-preview:-1"},"canonical":"https:\/\/goodnewenergy.enagas.es\/en\/","og_locale":"en_US","og_type":"article","og_title":"Good New Energy | El Futuro de la energ\u00eda","og_description":"Enag\u00e1s es l\u00edder internacional en infraestructuras de gas natural con presencia en 7 pa\u00edses y Transmission System Operator (TSO) europeo. La compa\u00f1\u00eda tiene m\u00e1s de 45 a\u00f1os de experiencia en el sector y es el operador del Sistema Gasista espa\u00f1ol.","og_url":"https:\/\/goodnewenergy.enagas.es\/en\/","og_site_name":"Good New Energy","article_publisher":"https:\/\/www.facebook.com\/EnagasOficial\/","article_modified_time":"2023-12-18T10:46:06+00:00","twitter_card":"summary_large_image","twitter_title":"ResiduosComoFuenteDeEnerg\u00eda","twitter_site":"@enagas","twitter_misc":{"Est. reading time":"1 minute"},"schema":{"@context":"https:\/\/schema.org","@graph":[{"@type":"WebPage","@id":"https:\/\/goodnewenergy.enagas.es\/en\/home\/","url":"https:\/\/goodnewenergy.enagas.es\/en\/","name":"Good New Energy | El Futuro de la energ\u00eda","isPartOf":{"@id":"https:\/\/gne-pro-beanstalk-php82.eba-ipbtvvrp.eu-west-1.elasticbeanstalk.com\/#website"},"primaryImageOfPage":{"@id":"https:\/\/goodnewenergy.enagas.es\/en\/#primaryimage"},"image":{"@id":"https:\/\/goodnewenergy.enagas.es\/en\/#primaryimage"},"thumbnailUrl":"https:\/\/goodnewenergy.enagas.es\/wp-content\/uploads\/2024\/10\/6-2.jpg","datePublished":"2019-10-25T19:26:58+00:00","dateModified":"2023-12-18T10:46:06+00:00","description":"Enag\u00e1s es l\u00edder internacional en infraestructuras de gas natural con presencia en 7 pa\u00edses y Transmission System Operator (TSO) europeo. La compa\u00f1\u00eda tiene m\u00e1s de 45 a\u00f1os de experiencia en el sector y es el operador del Sistema Gasista espa\u00f1ol.","breadcrumb":{"@id":"https:\/\/goodnewenergy.enagas.es\/en\/#breadcrumb"},"inLanguage":"en-US","potentialAction":[{"@type":"ReadAction","target":["https:\/\/goodnewenergy.enagas.es\/en\/"]}]},{"@type":"ImageObject","inLanguage":"en-US","@id":"https:\/\/goodnewenergy.enagas.es\/en\/#primaryimage","url":"https:\/\/goodnewenergy.enagas.es\/wp-content\/uploads\/2024\/10\/6-2.jpg","contentUrl":"https:\/\/goodnewenergy.enagas.es\/wp-content\/uploads\/2024\/10\/6-2.jpg","width":1080,"height":675},{"@type":"BreadcrumbList","@id":"https:\/\/goodnewenergy.enagas.es\/en\/#breadcrumb","itemListElement":[{"@type":"ListItem","position":1,"name":"Portada","item":"https:\/\/goodnewenergy.enagas.es\/en\/home\/"},{"@type":"ListItem","position":2,"name":"Home"}]},{"@type":"WebSite","@id":"https:\/\/gne-pro-beanstalk-php82.eba-ipbtvvrp.eu-west-1.elasticbeanstalk.com\/#website","url":"https:\/\/gne-pro-beanstalk-php82.eba-ipbtvvrp.eu-west-1.elasticbeanstalk.com\/","name":"Good New Energy","description":"Enag\u00e1s es l\u00edder internacional en infraestructuras de gas natural con presencia en 7 pa\u00edses y Transmission System Operator (TSO) europeo. La compa\u00f1\u00eda tiene m\u00e1s de 45 a\u00f1os de experiencia en el sector y es el operador del Sistema Gasista espa\u00f1ol.","publisher":{"@id":"https:\/\/gne-pro-beanstalk-php82.eba-ipbtvvrp.eu-west-1.elasticbeanstalk.com\/#organization"},"potentialAction":[{"@type":"SearchAction","target":{"@type":"EntryPoint","urlTemplate":"https:\/\/gne-pro-beanstalk-php82.eba-ipbtvvrp.eu-west-1.elasticbeanstalk.com\/?s={search_term_string}"},"query-input":{"@type":"PropertyValueSpecification","valueRequired":true,"valueName":"search_term_string"}}],"inLanguage":"en-US"},{"@type":"Organization","@id":"https:\/\/gne-pro-beanstalk-php82.eba-ipbtvvrp.eu-west-1.elasticbeanstalk.com\/#organization","name":"Enagas","url":"https:\/\/gne-pro-beanstalk-php82.eba-ipbtvvrp.eu-west-1.elasticbeanstalk.com\/","logo":{"@type":"ImageObject","inLanguage":"en-US","@id":"https:\/\/gne-pro-beanstalk-php82.eba-ipbtvvrp.eu-west-1.elasticbeanstalk.com\/#\/schema\/logo\/image\/","url":"https:\/\/goodnewenergy.enagas.es\/wp-content\/uploads\/2025\/12\/logo.png","contentUrl":"https:\/\/goodnewenergy.enagas.es\/wp-content\/uploads\/2025\/12\/logo.png","width":260,"height":47,"caption":"Enagas"},"image":{"@id":"https:\/\/gne-pro-beanstalk-php82.eba-ipbtvvrp.eu-west-1.elasticbeanstalk.com\/#\/schema\/logo\/image\/"},"sameAs":["https:\/\/www.facebook.com\/EnagasOficial\/","https:\/\/x.com\/enagas","https:\/\/www.linkedin.com\/company\/enagas\/","https:\/\/www.instagram.com\/enagasoficial\/"]}]}},"_links":{"self":[{"href":"https:\/\/goodnewenergy.enagas.es\/en\/wp-json\/wp\/v2\/pages\/70","targetHints":{"allow":["GET"]}}],"collection":[{"href":"https:\/\/goodnewenergy.enagas.es\/en\/wp-json\/wp\/v2\/pages"}],"about":[{"href":"https:\/\/goodnewenergy.enagas.es\/en\/wp-json\/wp\/v2\/types\/page"}],"author":[{"embeddable":true,"href":"https:\/\/goodnewenergy.enagas.es\/en\/wp-json\/wp\/v2\/users\/1"}],"replies":[{"embeddable":true,"href":"https:\/\/goodnewenergy.enagas.es\/en\/wp-json\/wp\/v2\/comments?post=70"}],"version-history":[{"count":3,"href":"https:\/\/goodnewenergy.enagas.es\/en\/wp-json\/wp\/v2\/pages\/70\/revisions"}],"predecessor-version":[{"id":73,"href":"https:\/\/goodnewenergy.enagas.es\/en\/wp-json\/wp\/v2\/pages\/70\/revisions\/73"}],"wp:featuredmedia":[{"embeddable":true,"href":"https:\/\/goodnewenergy.enagas.es\/en\/wp-json\/wp\/v2\/media\/7595"}],"wp:attachment":[{"href":"https:\/\/goodnewenergy.enagas.es\/en\/wp-json\/wp\/v2\/media?parent=70"}],"curies":[{"name":"wp","href":"https:\/\/api.w.org\/{rel}","templated":true}]}}