{"id":189,"date":"2019-11-22T21:35:48","date_gmt":"2019-11-22T20:35:48","guid":{"rendered":"https:\/\/clientes.thetland.com.ar\/goodnewenergy.enagas.es\/innovators\/"},"modified":"2023-12-18T11:56:25","modified_gmt":"2023-12-18T10:56:25","slug":"innovative","status":"publish","type":"page","link":"https:\/\/goodnewenergy.enagas.es\/en\/innovative\/","title":{"rendered":"Innovative"},"content":{"rendered":"\r\n<p>Efficient technologies for change<\/p>\r\n","protected":false},"excerpt":{"rendered":"<p>Efficient technologies for change<\/p>\n","protected":false},"author":1,"featured_media":173,"parent":0,"menu_order":0,"comment_status":"closed","ping_status":"closed","template":"","meta":{"_acf_changed":false,"footnotes":""},"class_list":["post-189","page","type-page","status-publish","has-post-thumbnail","hentry"],"acf":[],"yoast_head":"<!-- This site is optimized with the Yoast SEO plugin v27.0 - https:\/\/yoast.com\/product\/yoast-seo-wordpress\/ -->\n<title>Innovative - Good New Energy<\/title>\n<meta name=\"description\" content=\"Tecnolog\u00edas eficientes para el cambio.\" \/>\n<meta name=\"robots\" content=\"index, follow, max-snippet:-1, max-image-preview:large, max-video-preview:-1\" \/>\n<link rel=\"canonical\" href=\"https:\/\/goodnewenergy.enagas.es\/en\/innovative\/\" \/>\n<meta property=\"og:locale\" content=\"en_US\" \/>\n<meta property=\"og:type\" content=\"article\" \/>\n<meta property=\"og:title\" content=\"Innovative - Good New Energy\" \/>\n<meta property=\"og:description\" content=\"Tecnolog\u00edas eficientes para el cambio.\" \/>\n<meta property=\"og:url\" content=\"https:\/\/goodnewenergy.enagas.es\/en\/innovative\/\" \/>\n<meta property=\"og:site_name\" content=\"Good New Energy\" \/>\n<meta property=\"article:publisher\" content=\"https:\/\/www.facebook.com\/EnagasOficial\/\" \/>\n<meta property=\"article:modified_time\" content=\"2023-12-18T10:56:25+00:00\" \/>\n<meta property=\"og:image\" content=\"https:\/\/goodnewenergy.enagas.es\/wp-content\/uploads\/2019\/11\/innovadores-2-1024x647.jpg\" \/>\n\t<meta property=\"og:image:width\" content=\"1024\" \/>\n\t<meta property=\"og:image:height\" content=\"647\" \/>\n\t<meta property=\"og:image:type\" content=\"image\/jpeg\" \/>\n<meta name=\"twitter:card\" content=\"summary_large_image\" \/>\n<meta name=\"twitter:site\" content=\"@enagas\" \/>\n<meta name=\"twitter:label1\" content=\"Est. reading time\" \/>\n\t<meta name=\"twitter:data1\" content=\"1 minute\" \/>\n<script type=\"application\/ld+json\" class=\"yoast-schema-graph\">{\"@context\":\"https:\/\/schema.org\",\"@graph\":[{\"@type\":\"WebPage\",\"@id\":\"https:\/\/goodnewenergy.enagas.es\/en\/innovative\/\",\"url\":\"https:\/\/goodnewenergy.enagas.es\/en\/innovative\/\",\"name\":\"Innovative - Good New Energy\",\"isPartOf\":{\"@id\":\"https:\/\/gne-pro-beanstalk-php82.eba-ipbtvvrp.eu-west-1.elasticbeanstalk.com\/#website\"},\"primaryImageOfPage\":{\"@id\":\"https:\/\/goodnewenergy.enagas.es\/en\/innovative\/#primaryimage\"},\"image\":{\"@id\":\"https:\/\/goodnewenergy.enagas.es\/en\/innovative\/#primaryimage\"},\"thumbnailUrl\":\"https:\/\/goodnewenergy.enagas.es\/wp-content\/uploads\/2019\/11\/innovadores-2.jpg\",\"datePublished\":\"2019-11-22T20:35:48+00:00\",\"dateModified\":\"2023-12-18T10:56:25+00:00\",\"description\":\"Tecnolog\u00edas eficientes para el cambio.\",\"breadcrumb\":{\"@id\":\"https:\/\/goodnewenergy.enagas.es\/en\/innovative\/#breadcrumb\"},\"inLanguage\":\"en-US\",\"potentialAction\":[{\"@type\":\"ReadAction\",\"target\":[\"https:\/\/goodnewenergy.enagas.es\/en\/innovative\/\"]}]},{\"@type\":\"ImageObject\",\"inLanguage\":\"en-US\",\"@id\":\"https:\/\/goodnewenergy.enagas.es\/en\/innovative\/#primaryimage\",\"url\":\"https:\/\/goodnewenergy.enagas.es\/wp-content\/uploads\/2019\/11\/innovadores-2.jpg\",\"contentUrl\":\"https:\/\/goodnewenergy.enagas.es\/wp-content\/uploads\/2019\/11\/innovadores-2.jpg\",\"width\":6480,\"height\":4092,\"caption\":\"ideal for websites and magazines layouts\"},{\"@type\":\"BreadcrumbList\",\"@id\":\"https:\/\/goodnewenergy.enagas.es\/en\/innovative\/#breadcrumb\",\"itemListElement\":[{\"@type\":\"ListItem\",\"position\":1,\"name\":\"Portada\",\"item\":\"https:\/\/goodnewenergy.enagas.es\/en\/home\/\"},{\"@type\":\"ListItem\",\"position\":2,\"name\":\"Innovative\"}]},{\"@type\":\"WebSite\",\"@id\":\"https:\/\/gne-pro-beanstalk-php82.eba-ipbtvvrp.eu-west-1.elasticbeanstalk.com\/#website\",\"url\":\"https:\/\/gne-pro-beanstalk-php82.eba-ipbtvvrp.eu-west-1.elasticbeanstalk.com\/\",\"name\":\"Good New Energy\",\"description\":\"Enag\u00e1s es l\u00edder internacional en infraestructuras de gas natural con presencia en 7 pa\u00edses y Transmission System Operator (TSO) europeo. La compa\u00f1\u00eda tiene m\u00e1s de 45 a\u00f1os de experiencia en el sector y es el operador del Sistema Gasista espa\u00f1ol.\",\"publisher\":{\"@id\":\"https:\/\/gne-pro-beanstalk-php82.eba-ipbtvvrp.eu-west-1.elasticbeanstalk.com\/#organization\"},\"potentialAction\":[{\"@type\":\"SearchAction\",\"target\":{\"@type\":\"EntryPoint\",\"urlTemplate\":\"https:\/\/gne-pro-beanstalk-php82.eba-ipbtvvrp.eu-west-1.elasticbeanstalk.com\/?s={search_term_string}\"},\"query-input\":{\"@type\":\"PropertyValueSpecification\",\"valueRequired\":true,\"valueName\":\"search_term_string\"}}],\"inLanguage\":\"en-US\"},{\"@type\":\"Organization\",\"@id\":\"https:\/\/gne-pro-beanstalk-php82.eba-ipbtvvrp.eu-west-1.elasticbeanstalk.com\/#organization\",\"name\":\"Enagas\",\"url\":\"https:\/\/gne-pro-beanstalk-php82.eba-ipbtvvrp.eu-west-1.elasticbeanstalk.com\/\",\"logo\":{\"@type\":\"ImageObject\",\"inLanguage\":\"en-US\",\"@id\":\"https:\/\/gne-pro-beanstalk-php82.eba-ipbtvvrp.eu-west-1.elasticbeanstalk.com\/#\/schema\/logo\/image\/\",\"url\":\"https:\/\/goodnewenergy.enagas.es\/wp-content\/uploads\/2025\/12\/logo.png\",\"contentUrl\":\"https:\/\/goodnewenergy.enagas.es\/wp-content\/uploads\/2025\/12\/logo.png\",\"width\":260,\"height\":47,\"caption\":\"Enagas\"},\"image\":{\"@id\":\"https:\/\/gne-pro-beanstalk-php82.eba-ipbtvvrp.eu-west-1.elasticbeanstalk.com\/#\/schema\/logo\/image\/\"},\"sameAs\":[\"https:\/\/www.facebook.com\/EnagasOficial\/\",\"https:\/\/x.com\/enagas\",\"https:\/\/www.linkedin.com\/company\/enagas\/\",\"https:\/\/www.instagram.com\/enagasoficial\/\"]}]}<\/script>\n<!-- \/ Yoast SEO plugin. -->","yoast_head_json":{"title":"Innovative - Good New Energy","description":"Tecnolog\u00edas eficientes para el cambio.","robots":{"index":"index","follow":"follow","max-snippet":"max-snippet:-1","max-image-preview":"max-image-preview:large","max-video-preview":"max-video-preview:-1"},"canonical":"https:\/\/goodnewenergy.enagas.es\/en\/innovative\/","og_locale":"en_US","og_type":"article","og_title":"Innovative - Good New Energy","og_description":"Tecnolog\u00edas eficientes para el cambio.","og_url":"https:\/\/goodnewenergy.enagas.es\/en\/innovative\/","og_site_name":"Good New Energy","article_publisher":"https:\/\/www.facebook.com\/EnagasOficial\/","article_modified_time":"2023-12-18T10:56:25+00:00","og_image":[{"width":1024,"height":647,"url":"https:\/\/goodnewenergy.enagas.es\/wp-content\/uploads\/2019\/11\/innovadores-2-1024x647.jpg","type":"image\/jpeg"}],"twitter_card":"summary_large_image","twitter_site":"@enagas","twitter_misc":{"Est. reading time":"1 minute"},"schema":{"@context":"https:\/\/schema.org","@graph":[{"@type":"WebPage","@id":"https:\/\/goodnewenergy.enagas.es\/en\/innovative\/","url":"https:\/\/goodnewenergy.enagas.es\/en\/innovative\/","name":"Innovative - Good New Energy","isPartOf":{"@id":"https:\/\/gne-pro-beanstalk-php82.eba-ipbtvvrp.eu-west-1.elasticbeanstalk.com\/#website"},"primaryImageOfPage":{"@id":"https:\/\/goodnewenergy.enagas.es\/en\/innovative\/#primaryimage"},"image":{"@id":"https:\/\/goodnewenergy.enagas.es\/en\/innovative\/#primaryimage"},"thumbnailUrl":"https:\/\/goodnewenergy.enagas.es\/wp-content\/uploads\/2019\/11\/innovadores-2.jpg","datePublished":"2019-11-22T20:35:48+00:00","dateModified":"2023-12-18T10:56:25+00:00","description":"Tecnolog\u00edas eficientes para el cambio.","breadcrumb":{"@id":"https:\/\/goodnewenergy.enagas.es\/en\/innovative\/#breadcrumb"},"inLanguage":"en-US","potentialAction":[{"@type":"ReadAction","target":["https:\/\/goodnewenergy.enagas.es\/en\/innovative\/"]}]},{"@type":"ImageObject","inLanguage":"en-US","@id":"https:\/\/goodnewenergy.enagas.es\/en\/innovative\/#primaryimage","url":"https:\/\/goodnewenergy.enagas.es\/wp-content\/uploads\/2019\/11\/innovadores-2.jpg","contentUrl":"https:\/\/goodnewenergy.enagas.es\/wp-content\/uploads\/2019\/11\/innovadores-2.jpg","width":6480,"height":4092,"caption":"ideal for websites and magazines layouts"},{"@type":"BreadcrumbList","@id":"https:\/\/goodnewenergy.enagas.es\/en\/innovative\/#breadcrumb","itemListElement":[{"@type":"ListItem","position":1,"name":"Portada","item":"https:\/\/goodnewenergy.enagas.es\/en\/home\/"},{"@type":"ListItem","position":2,"name":"Innovative"}]},{"@type":"WebSite","@id":"https:\/\/gne-pro-beanstalk-php82.eba-ipbtvvrp.eu-west-1.elasticbeanstalk.com\/#website","url":"https:\/\/gne-pro-beanstalk-php82.eba-ipbtvvrp.eu-west-1.elasticbeanstalk.com\/","name":"Good New Energy","description":"Enag\u00e1s es l\u00edder internacional en infraestructuras de gas natural con presencia en 7 pa\u00edses y Transmission System Operator (TSO) europeo. La compa\u00f1\u00eda tiene m\u00e1s de 45 a\u00f1os de experiencia en el sector y es el operador del Sistema Gasista espa\u00f1ol.","publisher":{"@id":"https:\/\/gne-pro-beanstalk-php82.eba-ipbtvvrp.eu-west-1.elasticbeanstalk.com\/#organization"},"potentialAction":[{"@type":"SearchAction","target":{"@type":"EntryPoint","urlTemplate":"https:\/\/gne-pro-beanstalk-php82.eba-ipbtvvrp.eu-west-1.elasticbeanstalk.com\/?s={search_term_string}"},"query-input":{"@type":"PropertyValueSpecification","valueRequired":true,"valueName":"search_term_string"}}],"inLanguage":"en-US"},{"@type":"Organization","@id":"https:\/\/gne-pro-beanstalk-php82.eba-ipbtvvrp.eu-west-1.elasticbeanstalk.com\/#organization","name":"Enagas","url":"https:\/\/gne-pro-beanstalk-php82.eba-ipbtvvrp.eu-west-1.elasticbeanstalk.com\/","logo":{"@type":"ImageObject","inLanguage":"en-US","@id":"https:\/\/gne-pro-beanstalk-php82.eba-ipbtvvrp.eu-west-1.elasticbeanstalk.com\/#\/schema\/logo\/image\/","url":"https:\/\/goodnewenergy.enagas.es\/wp-content\/uploads\/2025\/12\/logo.png","contentUrl":"https:\/\/goodnewenergy.enagas.es\/wp-content\/uploads\/2025\/12\/logo.png","width":260,"height":47,"caption":"Enagas"},"image":{"@id":"https:\/\/gne-pro-beanstalk-php82.eba-ipbtvvrp.eu-west-1.elasticbeanstalk.com\/#\/schema\/logo\/image\/"},"sameAs":["https:\/\/www.facebook.com\/EnagasOficial\/","https:\/\/x.com\/enagas","https:\/\/www.linkedin.com\/company\/enagas\/","https:\/\/www.instagram.com\/enagasoficial\/"]}]}},"_links":{"self":[{"href":"https:\/\/goodnewenergy.enagas.es\/en\/wp-json\/wp\/v2\/pages\/189","targetHints":{"allow":["GET"]}}],"collection":[{"href":"https:\/\/goodnewenergy.enagas.es\/en\/wp-json\/wp\/v2\/pages"}],"about":[{"href":"https:\/\/goodnewenergy.enagas.es\/en\/wp-json\/wp\/v2\/types\/page"}],"author":[{"embeddable":true,"href":"https:\/\/goodnewenergy.enagas.es\/en\/wp-json\/wp\/v2\/users\/1"}],"replies":[{"embeddable":true,"href":"https:\/\/goodnewenergy.enagas.es\/en\/wp-json\/wp\/v2\/comments?post=189"}],"version-history":[{"count":2,"href":"https:\/\/goodnewenergy.enagas.es\/en\/wp-json\/wp\/v2\/pages\/189\/revisions"}],"predecessor-version":[{"id":661,"href":"https:\/\/goodnewenergy.enagas.es\/en\/wp-json\/wp\/v2\/pages\/189\/revisions\/661"}],"wp:featuredmedia":[{"embeddable":true,"href":"https:\/\/goodnewenergy.enagas.es\/en\/wp-json\/wp\/v2\/media\/173"}],"wp:attachment":[{"href":"https:\/\/goodnewenergy.enagas.es\/en\/wp-json\/wp\/v2\/media?parent=189"}],"curies":[{"name":"wp","href":"https:\/\/api.w.org\/{rel}","templated":true}]}}